{"id":992,"date":"2013-05-14T09:02:37","date_gmt":"2013-05-14T07:02:37","guid":{"rendered":"http:\/\/www.ffbopen.de\/?page_id=992"},"modified":"2014-11-18T15:39:29","modified_gmt":"2014-11-18T13:39:29","slug":"ausschreibung-2014","status":"publish","type":"page","link":"https:\/\/www.ffbopen.de\/?page_id=992","title":{"rendered":"Ausschreibung 2014"},"content":{"rendered":"<p>Ausschreibung als <a href=\"http:\/\/www.ffbopen.de\/wp-content\/uploads\/2013\/05\/Ausschreibung2014.pdf\" target=\"_blank\">pdf herunterladen<\/a><\/p>\n<table width=\"100%\">\n<tbody>\n<tr>\n<td><strong>Veranstalter<\/strong><\/td>\n<td><a href=\"http:\/\/schachffb.npage.de\/\" target=\"_blank\">TuS F\u00fcrstenfeldbruck SAbt<\/a><\/td>\n<\/tr>\n<tr>\n<td><strong>Sponsor<\/strong><\/td>\n<td><a href=\"http:\/\/www.immobilien-hirn.de\" target=\"_blank\">Immobilien Hirn<\/a><\/td>\n<\/tr>\n<tr>\n<td><strong>Turnierinfo<\/strong><\/td>\n<td>Offenes Schnellschachturnier \u00e4hnlich FIDE-Regeln<br \/>\n9 Runden Schweizer System, Buchholz als Zweitwertung<br \/>\n15 Minuten Bedenkzeit pro Spieler und Partie<br \/>\nDurchf\u00fchrung mit Swiss-Chess (nach DWZ)<\/td>\n<\/tr>\n<tr>\n<td><strong>Spielort<\/strong><\/td>\n<td><strong>Marthabr\u00e4uhalle, Augsburger Str. 41, 82256 F\u00fcrstenfeldbruck<\/strong><br \/>\nParkm\u00f6glichkeiten vorhanden<br \/>\n<a title=\"Lageplan &amp; Anfahrt\" href=\"http:\/\/www.ffbopen.de\/?page_id=12\">Lageplan und Anfahrtsbeschreibung<\/a><\/td>\n<\/tr>\n<tr>\n<td><strong>Teilnehmer<\/strong><\/td>\n<td>Spieler aller Altersklassen mit oder ohne Vereinszugeh\u00f6rigkeit<\/td>\n<\/tr>\n<tr>\n<td><strong>Termin<\/strong><\/td>\n<td>Samstag, 08.03.2014<br \/>\nAnmeldeschluss: 10:15 Uhr &#8211;\u00a0Turnierbeginn: 10:30 Uhr<br \/>\n45 Minuten Pause nach der 5. Runde<br \/>\nSiegerehrung: ca. 18:00 Uhr<\/td>\n<\/tr>\n<tr>\n<td><strong>Startgeld<\/strong><\/td>\n<td>Erwachsene 12,-\u20ac<br \/>\nJugendliche (&lt; 01.01.1996), Senioren (&gt; 01.01.1954), Mitglieder des TuS F\u00fcrstenfeldbruck, FM, WFM 10,-\u20ac<br \/>\nGM, IM, WGM, WIM startgeldfrei<br \/>\n<strong>Nach dem Voranmeldetermin erh\u00f6ht sich das Startgeld auf 15,-\u20ac (Erm\u00e4\u00dfigte 12,-\u20ac)!<\/strong><\/td>\n<\/tr>\n<tr>\n<td><strong>Voranmeldung<\/strong><\/td>\n<td>Durch <a title=\"Anmelden!\" href=\"http:\/\/www.ffbopen.de\/?page_id=8\">Anmeldung via Online-Maske<\/a> und gleichzeitiger \u00dcberweisung der Startgeb\u00fchr bis zum 01.03.2014 auf:<br \/>\nTuS F\u00fcrstenfeldbruck, Konto 9562299, BLZ 70053070<br \/>\nVerwendungszweck: Vorname Nachname Verein<\/td>\n<\/tr>\n<tr>\n<td><strong>Hauptpreise<\/strong><\/td>\n<td><strong>1. Platz 600,-\u20ac + Pokal<\/strong><br \/>\n2. Platz 300,-\u20ac + Pokal<br \/>\n3. Platz 200,-\u20ac + Pokal<br \/>\n4. Platz 150,-\u20ac<br \/>\n5. Platz 100,-\u20ac<br \/>\n6. Platz 50,-\u20ac<\/td>\n<\/tr>\n<tr>\n<td><strong>Mannschaftspreise<\/strong><\/td>\n<td>Garantiert ab 5 Mannschaften:1. 4er-Mannschaft 300,-\u20ac (vier beste Spieler eines Vereins, m\u00fcssen nicht vorab bestimmt werden)<br \/>\n2. 4er-Mannschaft 200,-\u20ac1. 4er-Mannschaft &lt;1900 300,-\u20ac (wie Mannschaftspreis; kein Spieler \u00fcber DWZ 1900)<\/td>\n<\/tr>\n<tr>\n<td><strong>Sonderpreise<\/strong><\/td>\n<td>Garantiert ab 5 Teilnehmern pro Gruppe:1. Jugend U18 100,-\u20ac<br \/>\n2. Jugend U18 50,-\u20ac<br \/>\n1. Jugend U12 50,-\u20ac<\/p>\n<p>1. Dame 50,-\u20ac<br \/>\n1. Senior 50,-\u20ac<\/p>\n<p>DWZ-Gruppen &lt;2200, &lt;2000, &lt;1800, &lt;1600<br \/>\njeweils 1. Platz 100,-\u20ac, 2. Platz 50,-\u20ac<\/td>\n<\/tr>\n<tr>\n<td><\/td>\n<td>\n<ul>\n<li>Mehrfachpreise sind ausgeschlossen. Im Zweifel erh\u00e4lt ein Spieler den h\u00f6chsten Preis in dieser Reihenfolge: Platzierung &gt; Rating &gt; Jugend\/Senior<\/li>\n<li>Davon ausgenommen ist ein Fall, wenn ein Spieler einen Einzelpreis und gleichzeitig anteilig <strong>einen<\/strong> Mannschaftspreis gewinnt.<\/li>\n<li>Ein Spieler kann nicht gleichzeitig Bestandteil mehrerer Mannschaften sein. Im Zweifel ist er Bestandteil der h\u00f6heren Mannschaft.<\/li>\n<li>Auslosung und Preisvergabe erfolgt nach der DWZ-Datenbank von schachbund.de vom <strong>07.03.2014<\/strong>.<\/li>\n<li>Spieler ohne Wertungszahl, die ihre Spielst\u00e4rke nicht nachweisen k\u00f6nnen (z.B. Bescheinigung des Verbands), sind von der Vergabe von DWZ-Preisen ausgeschlossen.<\/li>\n<\/ul>\n<\/td>\n<\/tr>\n<tr>\n<td><strong>Schiedsrichter<\/strong><\/td>\n<td>Herr Franz Ge\u00dfl, FIDE-Schiedsrichter<\/td>\n<\/tr>\n<tr>\n<td><strong>Turnierleiter<\/strong><\/td>\n<td>und Ansprechpartner bei Fragen: Herr Stanley Yin, braingames (at) gmx.de<\/td>\n<\/tr>\n<tr>\n<td><strong>Sonstiges<\/strong><\/td>\n<td>Die Mitnahme von ausgeschalteten, lautlosen Handys und anderen elektronischen Ger\u00e4ten zum Turnierort ist gestattet; erst die Aktivit\u00e4t eines solchen Ger\u00e4tes f\u00fchrt zur Ahndung. F\u00fcr g\u00fcnstige Speisen und Getr\u00e4nke ist gesorgt. Die Veranstaltung wird nach den g\u00fcltigen Wettkampfbestimmungen des DSB ausgetragen. F\u00fcr Unf\u00e4lle sowie f\u00fcr verlorengegangene Gegenst\u00e4nde \u00fcbernimmt der Veranstalter keine Haftung.<\/td>\n<\/tr>\n<\/tbody>\n<\/table>\n<p>&nbsp;<\/p>\n","protected":false},"excerpt":{"rendered":"<p>Ausschreibung als pdf herunterladen Veranstalter TuS F\u00fcrstenfeldbruck SAbt Sponsor Immobilien Hirn Turnierinfo Offenes Schnellschachturnier \u00e4hnlich FIDE-Regeln 9 Runden Schweizer System, Buchholz als Zweitwertung 15 Minuten Bedenkzeit pro Spieler und Partie Durchf\u00fchrung mit Swiss-Chess (nach DWZ) Spielort Marthabr\u00e4uhalle, Augsburger Str. 41, 82256 F\u00fcrstenfeldbruck Parkm\u00f6glichkeiten vorhanden Lageplan und Anfahrtsbeschreibung Teilnehmer Spieler aller Altersklassen mit oder ohne Vereinszugeh\u00f6rigkeit [&hellip;]<\/p>\n","protected":false},"author":1,"featured_media":0,"parent":0,"menu_order":0,"comment_status":"closed","ping_status":"closed","template":"full-width-page.php","meta":{"footnotes":""},"class_list":["post-992","page","type-page","status-publish","hentry"],"_links":{"self":[{"href":"https:\/\/www.ffbopen.de\/index.php?rest_route=\/wp\/v2\/pages\/992","targetHints":{"allow":["GET"]}}],"collection":[{"href":"https:\/\/www.ffbopen.de\/index.php?rest_route=\/wp\/v2\/pages"}],"about":[{"href":"https:\/\/www.ffbopen.de\/index.php?rest_route=\/wp\/v2\/types\/page"}],"author":[{"embeddable":true,"href":"https:\/\/www.ffbopen.de\/index.php?rest_route=\/wp\/v2\/users\/1"}],"replies":[{"embeddable":true,"href":"https:\/\/www.ffbopen.de\/index.php?rest_route=%2Fwp%2Fv2%2Fcomments&post=992"}],"version-history":[{"count":12,"href":"https:\/\/www.ffbopen.de\/index.php?rest_route=\/wp\/v2\/pages\/992\/revisions"}],"predecessor-version":[{"id":1012,"href":"https:\/\/www.ffbopen.de\/index.php?rest_route=\/wp\/v2\/pages\/992\/revisions\/1012"}],"wp:attachment":[{"href":"https:\/\/www.ffbopen.de\/index.php?rest_route=%2Fwp%2Fv2%2Fmedia&parent=992"}],"curies":[{"name":"wp","href":"https:\/\/api.w.org\/{rel}","templated":true}]}}