{"id":6,"date":"2012-12-07T00:24:05","date_gmt":"2012-12-06T22:24:05","guid":{"rendered":"http:\/\/www.ffbopen.de\/?page_id=6"},"modified":"2014-03-08T23:51:53","modified_gmt":"2014-03-08T21:51:53","slug":"ausschreibung","status":"publish","type":"page","link":"https:\/\/www.ffbopen.de\/?page_id=6","title":{"rendered":"Ausschreibung 2013"},"content":{"rendered":"<p>Ausschreibung als <a href=\"http:\/\/www.ffbopen.de\/wp-content\/uploads\/2013\/02\/Ausschreibung.pdf\" target=\"_blank\">pdf herunterladen<\/a><\/p>\n<table width=\"100%\">\n<tbody>\n<tr>\n<td><strong>Veranstalter<\/strong><\/td>\n<td><a href=\"http:\/\/schachffb.npage.de\/\" target=\"_blank\">TuS F\u00fcrstenfeldbruck SAbt<\/a><\/td>\n<\/tr>\n<tr>\n<td><strong>Sponsor<\/strong><\/td>\n<td><a href=\"http:\/\/www.immobilien-hirn.de\" target=\"_blank\">Immobilien Hirn<\/a><\/td>\n<\/tr>\n<tr>\n<td><strong>Turnierinfo<\/strong><\/td>\n<td>Offenes Schnellschachturnier<br \/>\n9 Runden Schweizer System, Buchholz als Zweitwertung<br \/>\n20 Minuten Bedenkzeit pro Spieler und Partie<br \/>\nDurchf\u00fchrung mit Swiss-Chess (nach DWZ) gem\u00e4\u00df FIDE-Regeln<\/td>\n<\/tr>\n<tr>\n<td><strong>Spielort<\/strong><\/td>\n<td><strong>Marthabr\u00e4uhalle, Augsburger Str. 41, 82256 F\u00fcrstenfeldbruck<\/strong><br \/>\nParkm\u00f6glichkeiten vorhanden<br \/>\n<a title=\"Lageplan &amp; Anfahrt\" href=\"http:\/\/www.ffbopen.de\/?page_id=12\">Lageplan und Anfahrtsbeschreibung<\/a><\/td>\n<\/tr>\n<tr>\n<td><strong>Teilnehmer<\/strong><\/td>\n<td>Spieler aller Altersklassen mit oder ohne Vereinszugeh\u00f6rigkeit<\/td>\n<\/tr>\n<tr>\n<td><strong>Termin<\/strong><\/td>\n<td>Samstag, 16.02.2013<br \/>\nAnmeldeschluss: 10:45 Uhr &#8211;\u00a0Turnierbeginn: 11:00 Uhr<br \/>\n30 Minuten Pause nach der 5. Runde<br \/>\nSiegerehrung: ca. 19:00 Uhr<\/td>\n<\/tr>\n<tr>\n<td><strong>Startgeld<\/strong><\/td>\n<td>Erwachsene 10,-\u20ac<br \/>\nJugendliche (&lt; 01.01.1995), Senioren (&gt; 01.01.1952), Mitglieder des TuS F\u00fcrstenfeldbruck, FM, WFM\u00a07,-\u20ac<br \/>\nGM, IM, WGM, WIM startgeldfrei<br \/>\n<strong>Nach dem Voranmeldetermin erh\u00f6ht sich das Startgeld um 2,-\u20ac!<\/strong><\/td>\n<\/tr>\n<tr>\n<td><strong>Voranmeldung<\/strong><\/td>\n<td>Durch <a title=\"Anmelden!\" href=\"http:\/\/www.ffbopen.de\/?page_id=8\">Anmeldung via Online-Maske<\/a> und gleichzeitiger \u00dcberweisung der Startgeb\u00fchr bis zum 01.02.2012 auf:<br \/>\nTuS F\u00fcrstenfeldbruck, Konto 9562299, BLZ 70053070<br \/>\nVerwendungszweck: Vorname Nachname Verein<\/td>\n<\/tr>\n<tr>\n<td><strong>Hauptpreise<\/strong><\/td>\n<td><strong>1. Platz 400,-\u20ac + Pokal<\/strong><br \/>\n2. Platz 300,-\u20ac + Pokal<br \/>\n3. Platz 200,-\u20ac + Pokal<br \/>\n4. Platz 150,-\u20ac<br \/>\n5. Platz 100,-\u20ac<br \/>\n6. Platz 50,-\u20acGarantiert ab 5 Mannschaften:1. 4er-Mannschaft 200,-\u20ac (vier beste Spieler eines Vereins, m\u00fcssen nicht vorab bestimmt werden)<br \/>\n2. 4er-Mannschaft 100,-\u20acSonderpreis:<br \/>\n1. 4er-Mannschaft &lt;1900 200,-\u20ac (wie Mannschaftspreis; kein Spieler \u00fcber DWZ 1900)<\/td>\n<\/tr>\n<tr>\n<td><strong>Sonderpreise<\/strong><\/td>\n<td>Garantiert ab 5 Teilnehmern pro Gruppe:1. Jugend U18 100,-\u20ac<br \/>\n2. Jugend U18 50,-\u20ac<br \/>\n1. Jugend U12 50,-\u20ac1. Dame 50,-\u20ac<br \/>\n1. Senior 50,-\u20ac1. DWZ &lt; 2100 100,-\u20ac<br \/>\n1. DWZ &lt; 1900 80,-\u20ac<br \/>\n1. DWZ &lt; 1700 70,-\u20ac<\/td>\n<\/tr>\n<tr>\n<td><strong>Preisbestimmungen<\/strong><\/td>\n<td>\n<ul>\n<li>Mehrfachpreise sind ausgeschlossen. Im Zweifel erh\u00e4lt ein Spieler den h\u00f6chsten Preis in dieser Reihenfolge: Platzierung &gt; Rating &gt; Jugend\/Senior<\/li>\n<li>Davon ausgenommen ist ein Fall, wenn ein Spieler einen Einzelpreis und gleichzeitig anteilig <strong>einen<\/strong> Mannschaftspreis gewinnt.<\/li>\n<li>Ein Spieler kann nicht gleichzeitig Bestandteil mehrerer Mannschaften sein. Im Zweifel ist er Bestandteil der h\u00f6heren Mannschaft.<\/li>\n<li>Auslosung und Preisvergabe erfolgt nach der DWZ-Datenbank von schachbund.de vom <strong>15.02.2013<\/strong>.<\/li>\n<li>Spieler ohne Wertungszahl, die ihre Spielst\u00e4rke nicht nachweisen k\u00f6nnen (z.B. Bescheinigung des Verbands), sind von der Vergabe von DWZ-Preisen ausgeschlossen.<\/li>\n<\/ul>\n<\/td>\n<\/tr>\n<tr>\n<td><strong>Schiedsrichter<\/strong><\/td>\n<td>Herr Franz Ge\u00dfl, FIDE-Schiedsrichter<\/td>\n<\/tr>\n<tr>\n<td><strong>Turnierleiter<\/strong><\/td>\n<td>und Ansprechpartner bei Fragen: Herr Stanley Yin, braingames (at) gmx.de<\/td>\n<\/tr>\n<tr>\n<td><strong>Sonstiges<\/strong><\/td>\n<td>F\u00fcr g\u00fcnstige Speisen und Getr\u00e4nke ist gesorgt. Die Veranstaltung wird nach den g\u00fcltigen Wettkampfbestimmungen des DSB ausgetragen. F\u00fcr Unf\u00e4lle sowie f\u00fcr verlorengegangene Gegenst\u00e4nde \u00fcbernimmt der Veranstalter keine Haftung.<\/td>\n<\/tr>\n<\/tbody>\n<\/table>\n<p>&nbsp;<\/p>\n","protected":false},"excerpt":{"rendered":"<p>Ausschreibung als pdf herunterladen Veranstalter TuS F\u00fcrstenfeldbruck SAbt Sponsor Immobilien Hirn Turnierinfo Offenes Schnellschachturnier 9 Runden Schweizer System, Buchholz als Zweitwertung 20 Minuten Bedenkzeit pro Spieler und Partie Durchf\u00fchrung mit Swiss-Chess (nach DWZ) gem\u00e4\u00df FIDE-Regeln Spielort Marthabr\u00e4uhalle, Augsburger Str. 41, 82256 F\u00fcrstenfeldbruck Parkm\u00f6glichkeiten vorhanden Lageplan und Anfahrtsbeschreibung Teilnehmer Spieler aller Altersklassen mit oder ohne Vereinszugeh\u00f6rigkeit [&hellip;]<\/p>\n","protected":false},"author":1,"featured_media":0,"parent":0,"menu_order":1,"comment_status":"closed","ping_status":"closed","template":"full-width-page.php","meta":{"footnotes":""},"class_list":["post-6","page","type-page","status-publish","hentry"],"_links":{"self":[{"href":"https:\/\/www.ffbopen.de\/index.php?rest_route=\/wp\/v2\/pages\/6","targetHints":{"allow":["GET"]}}],"collection":[{"href":"https:\/\/www.ffbopen.de\/index.php?rest_route=\/wp\/v2\/pages"}],"about":[{"href":"https:\/\/www.ffbopen.de\/index.php?rest_route=\/wp\/v2\/types\/page"}],"author":[{"embeddable":true,"href":"https:\/\/www.ffbopen.de\/index.php?rest_route=\/wp\/v2\/users\/1"}],"replies":[{"embeddable":true,"href":"https:\/\/www.ffbopen.de\/index.php?rest_route=%2Fwp%2Fv2%2Fcomments&post=6"}],"version-history":[{"count":55,"href":"https:\/\/www.ffbopen.de\/index.php?rest_route=\/wp\/v2\/pages\/6\/revisions"}],"predecessor-version":[{"id":1267,"href":"https:\/\/www.ffbopen.de\/index.php?rest_route=\/wp\/v2\/pages\/6\/revisions\/1267"}],"wp:attachment":[{"href":"https:\/\/www.ffbopen.de\/index.php?rest_route=%2Fwp%2Fv2%2Fmedia&parent=6"}],"curies":[{"name":"wp","href":"https:\/\/api.w.org\/{rel}","templated":true}]}}