{"id":3421,"date":"2026-02-26T06:59:32","date_gmt":"2026-02-26T04:59:32","guid":{"rendered":"https:\/\/www.ffbopen.de\/?page_id=3421"},"modified":"2026-02-26T06:59:51","modified_gmt":"2026-02-26T04:59:51","slug":"siegerlisten-2026","status":"publish","type":"page","link":"https:\/\/www.ffbopen.de\/?page_id=3421","title":{"rendered":"Siegerlisten 2026"},"content":{"rendered":"\n<p>GM Vitaly Kunin (1. Preis)<br>IM Yevhenii Yelisieiev (2. Preis)<br>FM Vadim Lavrinenkov (3. Preis)<br>GM Leonid Milov (4. Preis)<br>Patrik-Robert Maruntis (5. Preis)<br>FM Sebastian Reimann (6. Preis)<br>GM Thies Heinemann (7. Preis)<br>FM \u017darko Vu\u010dkovi\u0107 (8. Preis)<br>GM Gu\u00f0mundur Kjartansson (9. Preis)<br>Markus B\u00f6hme (10. Preis)<\/p>\n\n\n\n<p>FM Reiner Heimrath, Maximilian Trapp (&lt;2200)<br>Maksym Kelembet, Fahrudin Kranti\u0107 (&lt;2000)<br>Mostafa Assem Gawdat Azmy, Stefan St\u00f6berl (&lt;1800)<br>Alija Luli\u0107, Tom Ergenzinger\u00a0(&lt;1600)<\/p>\n\n\n\n<p>Mona Ergenzinger (Damenpreis)<br>Ulrich K\u00f6pf, FM Oskar Hirn, Ulrich Kindtner (Seniorenpreise)<br>Neil Albrecht (Jugendpreis U18)<\/p>\n\n\n\n<p>SC Noris-Tarrasch N\u00fcrnberg (1. Mannschaftspreis) &#8211; IM Yelisieiev, GM Milov, FM Heimrath, FM O. Hirn<br>Schachfreunde Augsburg (2. Mannschaftspreis) &#8211; FM Lavrinenkov, \u017d. Vu\u010dkovi\u0107, R. Vu\u010dkovi\u0107, M. Schrimpf<br>TSV Gilching-Argelsried (Mannschaftspreis &lt;1900) &#8211; Kranti\u0107, Luli\u0107, Becker, Homma<\/p>\n","protected":false},"excerpt":{"rendered":"<p>GM Vitaly Kunin (1. Preis)IM Yevhenii Yelisieiev (2. Preis)FM Vadim Lavrinenkov (3. Preis)GM Leonid Milov (4. Preis)Patrik-Robert Maruntis (5. Preis)FM Sebastian Reimann (6. Preis)GM Thies Heinemann (7. Preis)FM \u017darko Vu\u010dkovi\u0107 (8. Preis)GM Gu\u00f0mundur Kjartansson (9. Preis)Markus B\u00f6hme (10. Preis) FM Reiner Heimrath, Maximilian Trapp (&lt;2200)Maksym Kelembet, Fahrudin Kranti\u0107 (&lt;2000)Mostafa Assem Gawdat Azmy, Stefan St\u00f6berl (&lt;1800)Alija [&hellip;]<\/p>\n","protected":false},"author":1,"featured_media":0,"parent":0,"menu_order":0,"comment_status":"closed","ping_status":"closed","template":"full-width-page.php","meta":{"footnotes":""},"class_list":["post-3421","page","type-page","status-publish","hentry"],"_links":{"self":[{"href":"https:\/\/www.ffbopen.de\/index.php?rest_route=\/wp\/v2\/pages\/3421","targetHints":{"allow":["GET"]}}],"collection":[{"href":"https:\/\/www.ffbopen.de\/index.php?rest_route=\/wp\/v2\/pages"}],"about":[{"href":"https:\/\/www.ffbopen.de\/index.php?rest_route=\/wp\/v2\/types\/page"}],"author":[{"embeddable":true,"href":"https:\/\/www.ffbopen.de\/index.php?rest_route=\/wp\/v2\/users\/1"}],"replies":[{"embeddable":true,"href":"https:\/\/www.ffbopen.de\/index.php?rest_route=%2Fwp%2Fv2%2Fcomments&post=3421"}],"version-history":[{"count":1,"href":"https:\/\/www.ffbopen.de\/index.php?rest_route=\/wp\/v2\/pages\/3421\/revisions"}],"predecessor-version":[{"id":3422,"href":"https:\/\/www.ffbopen.de\/index.php?rest_route=\/wp\/v2\/pages\/3421\/revisions\/3422"}],"wp:attachment":[{"href":"https:\/\/www.ffbopen.de\/index.php?rest_route=%2Fwp%2Fv2%2Fmedia&parent=3421"}],"curies":[{"name":"wp","href":"https:\/\/api.w.org\/{rel}","templated":true}]}}