{"id":3365,"date":"2025-03-18T12:58:11","date_gmt":"2025-03-18T10:58:11","guid":{"rendered":"https:\/\/www.ffbopen.de\/?page_id=3365"},"modified":"2025-03-19T15:21:42","modified_gmt":"2025-03-19T13:21:42","slug":"siegerlisten-2025","status":"publish","type":"page","link":"https:\/\/www.ffbopen.de\/?page_id=3365","title":{"rendered":"Siegerlisten 2025"},"content":{"rendered":"\n<p>IM Maximilian Berchtenbreiter (1. Preis)<br>Dmitry Portnov (2. Preis)<br>Sebastian Reimann (3. Preis)<br>Maximilian Trapp (4. Preis)<br>GM Igor Glek (5. Preis)<br>GM Gudmundur Kjartansson (6. Preis)<br>GM Igor Khenkin (7. Preis)<br>FM Petro Lohvinov (8. Preis)<br>FM Sebastian B\u00f6hme (9. Preis)<br>CM Thomas Wyrwich (10. Preis)<\/p>\n\n\n\n<p>Tugrul T\u00fcrel, Tingrui Shen (&lt;2200)<br>Hrihority Kruts, Rupert Stocker (&lt;2000)<br>Emir Sensoy, Uwe Gugenberger (&lt;1800)<br>Stefan St\u00f6berl, Elias Schupmann\u00a0(&lt;1600)<\/p>\n\n\n\n<p>Martina Pils (Damenpreis)<br>Ulrich Kindtner, FM Oskar Hirn, Johannes Hentrich (Seniorenpreise)<br>Neil Albrecht (Jugendpreis U18)<\/p>\n\n\n\n<p>SC Noris-Tarrasch N\u00fcrnberg (1. Mannschaftspreis)<br>MSA Zugzwang 82 e.V. (2. Mannschaftspreis)<br>SV Jedesheim (Mannschaftspreis &lt;1900)<\/p>\n","protected":false},"excerpt":{"rendered":"<p>IM Maximilian Berchtenbreiter (1. Preis)Dmitry Portnov (2. Preis)Sebastian Reimann (3. Preis)Maximilian Trapp (4. Preis)GM Igor Glek (5. Preis)GM Gudmundur Kjartansson (6. Preis)GM Igor Khenkin (7. Preis)FM Petro Lohvinov (8. Preis)FM Sebastian B\u00f6hme (9. Preis)CM Thomas Wyrwich (10. Preis) Tugrul T\u00fcrel, Tingrui Shen (&lt;2200)Hrihority Kruts, Rupert Stocker (&lt;2000)Emir Sensoy, Uwe Gugenberger (&lt;1800)Stefan St\u00f6berl, Elias Schupmann\u00a0(&lt;1600) Martina [&hellip;]<\/p>\n","protected":false},"author":1,"featured_media":0,"parent":0,"menu_order":0,"comment_status":"closed","ping_status":"closed","template":"full-width-page.php","meta":{"footnotes":""},"class_list":["post-3365","page","type-page","status-publish","hentry"],"_links":{"self":[{"href":"https:\/\/www.ffbopen.de\/index.php?rest_route=\/wp\/v2\/pages\/3365","targetHints":{"allow":["GET"]}}],"collection":[{"href":"https:\/\/www.ffbopen.de\/index.php?rest_route=\/wp\/v2\/pages"}],"about":[{"href":"https:\/\/www.ffbopen.de\/index.php?rest_route=\/wp\/v2\/types\/page"}],"author":[{"embeddable":true,"href":"https:\/\/www.ffbopen.de\/index.php?rest_route=\/wp\/v2\/users\/1"}],"replies":[{"embeddable":true,"href":"https:\/\/www.ffbopen.de\/index.php?rest_route=%2Fwp%2Fv2%2Fcomments&post=3365"}],"version-history":[{"count":2,"href":"https:\/\/www.ffbopen.de\/index.php?rest_route=\/wp\/v2\/pages\/3365\/revisions"}],"predecessor-version":[{"id":3371,"href":"https:\/\/www.ffbopen.de\/index.php?rest_route=\/wp\/v2\/pages\/3365\/revisions\/3371"}],"wp:attachment":[{"href":"https:\/\/www.ffbopen.de\/index.php?rest_route=%2Fwp%2Fv2%2Fmedia&parent=3365"}],"curies":[{"name":"wp","href":"https:\/\/api.w.org\/{rel}","templated":true}]}}