{"id":3088,"date":"2023-02-26T22:14:23","date_gmt":"2023-02-26T20:14:23","guid":{"rendered":"https:\/\/www.ffbopen.de\/?page_id=3088"},"modified":"2023-03-03T14:02:46","modified_gmt":"2023-03-03T12:02:46","slug":"pressespiegel-2023","status":"publish","type":"page","link":"https:\/\/www.ffbopen.de\/?page_id=3088","title":{"rendered":"Pressespiegel 2023"},"content":{"rendered":"\n<p><a href=\"https:\/\/www.sueddeutsche.de\/muenchen\/fuerstenfeldbruck\/schach-schnellschachturnier-marthabraeuhalle-ausgebucht-1.5751844\" target=\"_blank\" rel=\"noreferrer noopener\">Vorbericht in der S\u00fcddeutschen Zeitung<\/a><\/p>\n\n\n\n<p><a rel=\"noreferrer noopener\" href=\"https:\/\/www.sueddeutsche.de\/muenchen\/fuerstenfeldbruck\/schach-schnellschach-brain-games-stefan-waller-tus-fuerstenfeldbruck-1.5757910\" target=\"_blank\">Interview mit Stefan Waller in der S\u00fcddeutschen Zeitung<\/a><\/p>\n\n\n\n<p><a rel=\"noreferrer noopener\" href=\"https:\/\/www.sueddeutsche.de\/muenchen\/fuerstenfeldbruck\/schnellschach-fuerstenfeldbruck-turnier-hecht-berchtenbreiter-tsakona-jonas-rosner-1.5759355\" target=\"_blank\">Nachbericht in der S\u00fcddeutschen Zeitung<\/a><\/p>\n\n\n\n<p><a href=\"https:\/\/de.chessbase.com\/post\/jonas-rosner-gewinnt-braingame-turnier\" target=\"_blank\" rel=\"noreferrer noopener\">Nachbericht auf ChessBase<\/a><\/p>\n","protected":false},"excerpt":{"rendered":"<p>Vorbericht in der S\u00fcddeutschen Zeitung Interview mit Stefan Waller in der S\u00fcddeutschen Zeitung Nachbericht in der S\u00fcddeutschen Zeitung Nachbericht auf ChessBase<\/p>\n","protected":false},"author":1,"featured_media":0,"parent":0,"menu_order":0,"comment_status":"closed","ping_status":"closed","template":"full-width-page.php","meta":{"footnotes":""},"class_list":["post-3088","page","type-page","status-publish","hentry"],"_links":{"self":[{"href":"https:\/\/www.ffbopen.de\/index.php?rest_route=\/wp\/v2\/pages\/3088","targetHints":{"allow":["GET"]}}],"collection":[{"href":"https:\/\/www.ffbopen.de\/index.php?rest_route=\/wp\/v2\/pages"}],"about":[{"href":"https:\/\/www.ffbopen.de\/index.php?rest_route=\/wp\/v2\/types\/page"}],"author":[{"embeddable":true,"href":"https:\/\/www.ffbopen.de\/index.php?rest_route=\/wp\/v2\/users\/1"}],"replies":[{"embeddable":true,"href":"https:\/\/www.ffbopen.de\/index.php?rest_route=%2Fwp%2Fv2%2Fcomments&post=3088"}],"version-history":[{"count":3,"href":"https:\/\/www.ffbopen.de\/index.php?rest_route=\/wp\/v2\/pages\/3088\/revisions"}],"predecessor-version":[{"id":3136,"href":"https:\/\/www.ffbopen.de\/index.php?rest_route=\/wp\/v2\/pages\/3088\/revisions\/3136"}],"wp:attachment":[{"href":"https:\/\/www.ffbopen.de\/index.php?rest_route=%2Fwp%2Fv2%2Fmedia&parent=3088"}],"curies":[{"name":"wp","href":"https:\/\/api.w.org\/{rel}","templated":true}]}}