{"id":2828,"date":"2020-03-01T00:02:01","date_gmt":"2020-02-29T22:02:01","guid":{"rendered":"http:\/\/www.ffbopen.de\/?page_id=2828"},"modified":"2020-03-09T13:08:42","modified_gmt":"2020-03-09T11:08:42","slug":"pressespiegel-2020","status":"publish","type":"page","link":"https:\/\/www.ffbopen.de\/?page_id=2828","title":{"rendered":"Pressespiegel 2020"},"content":{"rendered":"<p><a href=\"https:\/\/www.ffbopen.de\/wp-content\/uploads\/2020\/02\/2020_Vorbericht.pdf\" target=\"_blank\" rel=\"noopener\">Vorbericht im Amper-Kurier<\/a><\/p>\n<p><a href=\"https:\/\/www.sueddeutsche.de\/muenchen\/fuerstenfeldbruck\/fuerstenfeldbruck-aussenseiter-gegen-favoriten-1.4825859\" target=\"_blank\" rel=\"noopener\">Vorbericht in der S\u00fcddeutschen Zeitung<\/a><\/p>\n<p><a href=\"https:\/\/de.chessbase.com\/post\/das-8-braingames-schnellschach-open\" target=\"_blank\" rel=\"noopener\">Vorbericht auf ChessBase<\/a><\/p>\n<p><a href=\"https:\/\/steffans-schachseiten.de\/2020\/02\/29\/hello-world\/\" target=\"_blank\" rel=\"noopener\">Nachbericht auf Steffans Schachseiten<\/a><\/p>\n<p><a href=\"https:\/\/www.sueddeutsche.de\/muenchen\/fuerstenfeldbruck\/fuerstenfeldbruck-hoechstleistung-im-denksport-1.4828556\" target=\"_blank\" rel=\"noopener\">Nachbericht in der S\u00fcddeutschen Zeitung<\/a><\/p>\n<p><a href=\"https:\/\/www.merkur.de\/lokales\/fuerstenfeldbruck\/fuerstenfeldbruck-ort65548\/fuerstenfeldbruck-hier-treffen-sich-meister-schnellschachs-13572491.html\" target=\"_blank\" rel=\"noopener\">Nachbericht im M\u00fcnchner Merkur<\/a><\/p>\n<p><a href=\"https:\/\/de.chessbase.com\/post\/max-berchtenbreiter-gewinnt-in-fuerstenfeldbruck\" target=\"_blank\" rel=\"noopener\">Nachbericht bei ChessBase<\/a><\/p>\n","protected":false},"excerpt":{"rendered":"<p>Vorbericht im Amper-Kurier Vorbericht in der S\u00fcddeutschen Zeitung Vorbericht auf ChessBase Nachbericht auf Steffans Schachseiten Nachbericht in der S\u00fcddeutschen Zeitung Nachbericht im M\u00fcnchner Merkur Nachbericht bei ChessBase<\/p>\n","protected":false},"author":1,"featured_media":0,"parent":0,"menu_order":0,"comment_status":"closed","ping_status":"closed","template":"full-width-page.php","meta":{"footnotes":""},"class_list":["post-2828","page","type-page","status-publish","hentry"],"_links":{"self":[{"href":"https:\/\/www.ffbopen.de\/index.php?rest_route=\/wp\/v2\/pages\/2828","targetHints":{"allow":["GET"]}}],"collection":[{"href":"https:\/\/www.ffbopen.de\/index.php?rest_route=\/wp\/v2\/pages"}],"about":[{"href":"https:\/\/www.ffbopen.de\/index.php?rest_route=\/wp\/v2\/types\/page"}],"author":[{"embeddable":true,"href":"https:\/\/www.ffbopen.de\/index.php?rest_route=\/wp\/v2\/users\/1"}],"replies":[{"embeddable":true,"href":"https:\/\/www.ffbopen.de\/index.php?rest_route=%2Fwp%2Fv2%2Fcomments&post=2828"}],"version-history":[{"count":7,"href":"https:\/\/www.ffbopen.de\/index.php?rest_route=\/wp\/v2\/pages\/2828\/revisions"}],"predecessor-version":[{"id":2929,"href":"https:\/\/www.ffbopen.de\/index.php?rest_route=\/wp\/v2\/pages\/2828\/revisions\/2929"}],"wp:attachment":[{"href":"https:\/\/www.ffbopen.de\/index.php?rest_route=%2Fwp%2Fv2%2Fmedia&parent=2828"}],"curies":[{"name":"wp","href":"https:\/\/api.w.org\/{rel}","templated":true}]}}