{"id":2560,"date":"2018-02-27T00:42:18","date_gmt":"2018-02-26T22:42:18","guid":{"rendered":"http:\/\/www.ffbopen.de\/?page_id=2560"},"modified":"2018-03-27T19:56:53","modified_gmt":"2018-03-27T17:56:53","slug":"pressespiegel-2018","status":"publish","type":"page","link":"https:\/\/www.ffbopen.de\/?page_id=2560","title":{"rendered":"Pressespiegel 2018"},"content":{"rendered":"<p>Vielen Dank an diese Medien und Teilnehmer f\u00fcr eine umfangreiche Berichtserstattung:<\/p>\n<p><a href=\"http:\/\/www.ffbopen.de\/wp-content\/uploads\/2018\/02\/Merkur-Bericht.pdf\">M\u00fcnchner Merkur (Vorbericht \/ Portr\u00e4t Hecht)<\/a><\/p>\n<p><a href=\"https:\/\/www.merkur.de\/lokales\/fuerstenfeldbruck\/fuerstenfeldbruck-ort65548\/schnell-schach-mittendrin-bei-deutschlands-groesstem-turnier-9629170.html\" target=\"_blank\" rel=\"noopener noreferrer\">M\u00fcnchner Merkur (Nachbericht)<\/a><\/p>\n<p><a href=\"https:\/\/de.chessbase.com\/post\/beletic-gewinnt-braingames-open-in-fuerstenfeldbruck\">ChessBase (Nachbericht)<\/a><\/p>\n<p><a href=\"http:\/\/www.ffbopen.de\/wp-content\/uploads\/2018\/03\/Artikel-S%C3%BCddeutsche.pdf\">S\u00fcddeutsche Zeitung (Nachbericht)<\/a><\/p>\n<p><a href=\"http:\/\/schach-jedesheim.de\/?p=7677\">SV Jedesheim (Nachbericht)<\/a><\/p>\n<p><a href=\"http:\/\/www.ffbopen.de\/?p=2570\">Rochade (Nachbericht)<\/a><\/p>\n","protected":false},"excerpt":{"rendered":"<p>Vielen Dank an diese Medien und Teilnehmer f\u00fcr eine umfangreiche Berichtserstattung: M\u00fcnchner Merkur (Vorbericht \/ Portr\u00e4t Hecht) M\u00fcnchner Merkur (Nachbericht) ChessBase (Nachbericht) S\u00fcddeutsche Zeitung (Nachbericht) SV Jedesheim (Nachbericht) Rochade (Nachbericht)<\/p>\n","protected":false},"author":1,"featured_media":0,"parent":0,"menu_order":0,"comment_status":"closed","ping_status":"closed","template":"full-width-page.php","meta":{"footnotes":""},"class_list":["post-2560","page","type-page","status-publish","hentry"],"_links":{"self":[{"href":"https:\/\/www.ffbopen.de\/index.php?rest_route=\/wp\/v2\/pages\/2560","targetHints":{"allow":["GET"]}}],"collection":[{"href":"https:\/\/www.ffbopen.de\/index.php?rest_route=\/wp\/v2\/pages"}],"about":[{"href":"https:\/\/www.ffbopen.de\/index.php?rest_route=\/wp\/v2\/types\/page"}],"author":[{"embeddable":true,"href":"https:\/\/www.ffbopen.de\/index.php?rest_route=\/wp\/v2\/users\/1"}],"replies":[{"embeddable":true,"href":"https:\/\/www.ffbopen.de\/index.php?rest_route=%2Fwp%2Fv2%2Fcomments&post=2560"}],"version-history":[{"count":3,"href":"https:\/\/www.ffbopen.de\/index.php?rest_route=\/wp\/v2\/pages\/2560\/revisions"}],"predecessor-version":[{"id":2575,"href":"https:\/\/www.ffbopen.de\/index.php?rest_route=\/wp\/v2\/pages\/2560\/revisions\/2575"}],"wp:attachment":[{"href":"https:\/\/www.ffbopen.de\/index.php?rest_route=%2Fwp%2Fv2%2Fmedia&parent=2560"}],"curies":[{"name":"wp","href":"https:\/\/api.w.org\/{rel}","templated":true}]}}