{"id":2236,"date":"2017-03-06T23:03:11","date_gmt":"2017-03-06T21:03:11","guid":{"rendered":"http:\/\/www.ffbopen.de\/?page_id=2236"},"modified":"2017-03-22T10:56:47","modified_gmt":"2017-03-22T08:56:47","slug":"pressespiegel-2017","status":"publish","type":"page","link":"https:\/\/www.ffbopen.de\/?page_id=2236","title":{"rendered":"Pressespiegel 2017"},"content":{"rendered":"<p>Vielen Dank an diese Medien f\u00fcr eine umfangreiche Berichtserstattung:<\/p>\n<p><a href=\"http:\/\/de.chessbase.com\/post\/schnellschach-in-fuerstenfeldbruck-2\" target=\"_blank\">ChessBase (Vorbericht)<\/a><\/p>\n<p><a href=\"https:\/\/www.merkur.de\/lokales\/fuerstenfeldbruck\/brain-games-grossmeister-kuendigen-sich-fuer-schachturnier-an-7451876.html\" target=\"_blank\">M\u00fcnchner Merkur (Vorbericht)<\/a><\/p>\n<p><a href=\"http:\/\/www.sueddeutsche.de\/muenchen\/fuerstenfeldbruck\/fuerstenfeldbruck-schnell-im-kopf-1.3402949\" target=\"_blank\">S\u00fcddeutsche Zeitung (Vorbericht)<\/a><\/p>\n<p><a href=\"https:\/\/www.merkur.de\/lokales\/fuerstenfeldbruck\/amateure-und-meister-messen-sich-am-brett-7502239.html\" target=\"_blank\">M\u00fcnchner Merkur (Nachbericht)<\/a><\/p>\n<p><a href=\"http:\/\/www.sueddeutsche.de\/muenchen\/fuerstenfeldbruck\/fuerstenfeldbruck-schnell-mal-schach-1.3408115\" target=\"_blank\">S\u00fcddeutsche Zeitung (Nachbericht)<\/a><\/p>\n<p><a href=\"http:\/\/de.chessbase.com\/post\/teske-gewinnt-braingames-turnier\" target=\"_blank\">ChessBase (Nachbericht)<\/a><\/p>\n<p>Haben Sie selbst als Teilnehmer oder Zuschauer einen Bericht verfasst, ver\u00f6ffentlichen wir diesen gerne hier. Kurze Mail an info (at) ffbopen.de gen\u00fcgt!<\/p>\n","protected":false},"excerpt":{"rendered":"<p>Vielen Dank an diese Medien f\u00fcr eine umfangreiche Berichtserstattung: ChessBase (Vorbericht) M\u00fcnchner Merkur (Vorbericht) S\u00fcddeutsche Zeitung (Vorbericht) M\u00fcnchner Merkur (Nachbericht) S\u00fcddeutsche Zeitung (Nachbericht) ChessBase (Nachbericht) Haben Sie selbst als Teilnehmer oder Zuschauer einen Bericht verfasst, ver\u00f6ffentlichen wir diesen gerne hier. Kurze Mail an info (at) ffbopen.de gen\u00fcgt!<\/p>\n","protected":false},"author":1,"featured_media":0,"parent":0,"menu_order":0,"comment_status":"closed","ping_status":"closed","template":"full-width-page.php","meta":{"footnotes":""},"class_list":["post-2236","page","type-page","status-publish","hentry"],"_links":{"self":[{"href":"https:\/\/www.ffbopen.de\/index.php?rest_route=\/wp\/v2\/pages\/2236","targetHints":{"allow":["GET"]}}],"collection":[{"href":"https:\/\/www.ffbopen.de\/index.php?rest_route=\/wp\/v2\/pages"}],"about":[{"href":"https:\/\/www.ffbopen.de\/index.php?rest_route=\/wp\/v2\/types\/page"}],"author":[{"embeddable":true,"href":"https:\/\/www.ffbopen.de\/index.php?rest_route=\/wp\/v2\/users\/1"}],"replies":[{"embeddable":true,"href":"https:\/\/www.ffbopen.de\/index.php?rest_route=%2Fwp%2Fv2%2Fcomments&post=2236"}],"version-history":[{"count":3,"href":"https:\/\/www.ffbopen.de\/index.php?rest_route=\/wp\/v2\/pages\/2236\/revisions"}],"predecessor-version":[{"id":2268,"href":"https:\/\/www.ffbopen.de\/index.php?rest_route=\/wp\/v2\/pages\/2236\/revisions\/2268"}],"wp:attachment":[{"href":"https:\/\/www.ffbopen.de\/index.php?rest_route=%2Fwp%2Fv2%2Fmedia&parent=2236"}],"curies":[{"name":"wp","href":"https:\/\/api.w.org\/{rel}","templated":true}]}}