{"id":1837,"date":"2015-09-30T02:14:49","date_gmt":"2015-09-30T00:14:49","guid":{"rendered":"http:\/\/www.ffbopen.de\/?page_id=1837"},"modified":"2016-02-04T18:28:25","modified_gmt":"2016-02-04T16:28:25","slug":"ausschreibung-2016","status":"publish","type":"page","link":"https:\/\/www.ffbopen.de\/?page_id=1837","title":{"rendered":"Ausschreibung 2016"},"content":{"rendered":"<p><img decoding=\"async\" src=\"http:\/\/icons.iconarchive.com\/icons\/custom-icon-design\/flag-3\/256\/United-Kingdom-flag-icon.png\" alt=\"\" width=\"12px\" \/> For English version <a href=\"#eng\">see below<\/a>!<\/p>\n<p>Ausschreibung als\u00a0<a href=\"http:\/\/www.ffbopen.de\/?attachment_id=1912\" target=\"_blank\">pdf herunterladen<\/a><\/p>\n<table width=\"100%\">\n<tbody>\n<tr>\n<td><strong>Veranstalter<\/strong><\/td>\n<td><a href=\"http:\/\/schachffb.npage.de\/\" target=\"_blank\">TuS F\u00fcrstenfeldbruck SAbt<\/a><\/td>\n<\/tr>\n<tr>\n<td><strong>Sponsor<\/strong><\/td>\n<td><a href=\"http:\/\/www.immobilien-hirn.de\" target=\"_blank\">Immobilien Hirn<\/a><\/td>\n<\/tr>\n<tr>\n<td><strong>Turnierinfo<\/strong><\/td>\n<td>Offenes Schnellschachturnier nach FIDE-Schnellschachregeln (Irregul\u00e4rer Zug verliert!)<br \/>\n9 Runden Schweizer System, Buchholz als Zweitwertung<br \/>\n15 Minuten Bedenkzeit pro Spieler und Partie<br \/>\nAuslosung mit DWZ vom 12.02.2016 als Erstkriterium<\/p>\n<p><strong>FIDE-Schnellschach-ELO Auswertung!<\/strong><\/td>\n<\/tr>\n<tr>\n<td><strong>Spielort<\/strong><\/td>\n<td><strong>Marthabr\u00e4uhalle, Augsburger Str. 41, 82256 F\u00fcrstenfeldbruck<\/strong><br \/>\nParkm\u00f6glichkeiten vorhanden<br \/>\n<a title=\"Lageplan &amp; Anfahrt\" href=\"http:\/\/www.ffbopen.de\/?page_id=12\">Lageplan und Anfahrtsbeschreibung<\/a><\/td>\n<\/tr>\n<tr>\n<td><strong>Teilnehmer<\/strong><\/td>\n<td>Spieler aller Altersklassen mit oder ohne Vereinszugeh\u00f6rigkeit<\/td>\n<\/tr>\n<tr>\n<td><strong>Termin<\/strong><\/td>\n<td>Samstag, 13.02.2016<br \/>\nAnmeldeschluss: 10:45 Uhr &#8211;\u00a0Turnierbeginn: 11:00 Uhr<br \/>\n45 Minuten Pause nach der 5. Runde<br \/>\nSiegerehrung: ca. 18:30 Uhr<\/td>\n<\/tr>\n<tr>\n<td><strong>Startgeld<\/strong><\/td>\n<td>Erwachsene 12,-\u20ac<br \/>\nJugendliche (&lt; 01.01.1998), Senioren (&gt; 01.01.1956), Mitglieder des TuS F\u00fcrstenfeldbruck, FM, WFM 10,-\u20ac<br \/>\nGM, IM, WGM, WIM startgeldfrei<br \/>\n<strong>Nach dem Voranmeldetermin erh\u00f6ht sich das Startgeld auf 15,-\u20ac (Erm\u00e4\u00dfigte 12,-\u20ac)!<\/strong><\/td>\n<\/tr>\n<tr>\n<td><strong>Voranmeldung<\/strong><\/td>\n<td>Durch\u00a0<a title=\"Anmelden!\" href=\"http:\/\/www.ffbopen.de\/?page_id=1822\" target=\"_blank\">Anmeldung via Online-Maske<\/a>\u00a0und gleichzeitiger \u00dcberweisung der Startgeb\u00fchr bis zum 01.02.2016 auf:<br \/>\nHelmut Becker TuS F\u00fcrstenfeldbruck, IBAN\u00a0DE43700530700009562299, BIC BYLADEM1FFB<br \/>\nVerwendungszweck: Vorname Nachname Verein<\/td>\n<\/tr>\n<tr>\n<td><strong>Hauptpreise<\/strong><\/td>\n<td><strong>1. Platz 600,-\u20ac + Pokal<\/strong><br \/>\n2. Platz 300,-\u20ac + Pokal<br \/>\n3. Platz 200,-\u20ac + Pokal<br \/>\n4. Platz 150,-\u20ac<br \/>\n5. Platz 100,-\u20ac<br \/>\n6. Platz 50,-\u20ac<b>Weitere Platzierungspreise geplant!<\/b><\/td>\n<\/tr>\n<tr>\n<td><strong>Mannschaftspreise<\/strong><\/td>\n<td>Garantiert ab 5 Mannschaften:<\/p>\n<p>1. 4er-Mannschaft 300,-\u20ac (vier beste Spieler eines Vereins, m\u00fcssen nicht vorab bestimmt werden)<br \/>\n2. 4er-Mannschaft 200,-\u20ac<\/p>\n<p>1. 4er-Mannschaft &lt;1900 200,-\u20ac (wie Mannschaftspreis; kein Spieler \u00fcber DWZ 1900)<\/td>\n<\/tr>\n<tr>\n<td><strong>Sonderpreise<\/strong><\/td>\n<td>Garantiert ab 5 Teilnehmern pro Gruppe:<\/p>\n<p>1. Jugend U18 50,-\u20ac<br \/>\n1. Dame 50,-\u20ac<br \/>\n1. Senior 100,-\u20ac<br \/>\n2. Senior 50,-\u20ac<br \/>\n3. Senior 50,-\u20ac<\/p>\n<p>DWZ-Gruppen &lt;2200, &lt;2000, &lt;1800, &lt;1600<br \/>\njeweils 1. Platz 100,-\u20ac, 2. Platz 50,-\u20ac<\/td>\n<\/tr>\n<tr>\n<td><strong>Schiedsrichter<\/strong><\/td>\n<td>Herr Christoph Lipok, Regionaler Schiedsrichter, Hauptschiedsrichter<br \/>\nHerr Hans Brugger, Internationaler Schiedsrichter, Hauptschiedsrichter<br \/>\nHerr Stanley Yin, Regionaler Schiedsrichter<\/td>\n<\/tr>\n<tr>\n<td><strong>Turnierleiter<\/strong><\/td>\n<td>und Ansprechpartner bei Fragen: Herr Stanley Yin, braingames (at) gmx.de<\/td>\n<\/tr>\n<tr>\n<td><strong>Turnierbestimmungen<\/strong><\/td>\n<td>\n<ol>\n<li>Mit einer Anmeldung erkl\u00e4rt sich ein Teilnehmer mit der Verwertung der aus Anlass des Turniers erhobenen Daten und Turnierergebnisse f\u00fcr die Ermittlung der FIDE-Rating durch die hierf\u00fcr zust\u00e4ndigen Stellen sowie mit der Ver\u00f6ffentlichung von Partien, Fotos, Turnierdaten, Spielberichten und \u00e4hnlichem einverstanden.<\/li>\n<li>Der Teilnehmer unterwirft sich im Fall der Manipulation des Spielergebnisses durch Verwendung unzul\u00e4ssiger Hilfsmittel der Sanktionsgewalt des Deutschen Schachbundes gem\u00e4\u00df deren Satzungen.<\/li>\n<li>Der Teilnehmer hat zur Kenntnis genommen, dass die Satzung des Verbandes bei der Turnierleitung auf Anfrage angefordert werden kann.<\/li>\n<li>Der Teilnehmer versichert mit seiner Anmeldung, dass er sich mehr als 180 Tage im Jahr an einem innerdeutschen Wohnsitz aufh\u00e4lt (Abweichungen bitte unmittelbar an die Turnierleitung melden).<\/li>\n<li>Im Turniersaal besteht absolutes Rauchverbot.<\/li>\n<li>Elektronische Ger\u00e4te sind im Turniersaal auszuschalten (Ausnahmen bitte mit der Turnierleitung absprechen). T\u00f6ne, Ger\u00e4usche f\u00fchren zu Partieverlust. Der Gebrauch von elektronischen Hilfsmitteln ohne Absprache mit der Turnierleitung w\u00e4hrend der Partie f\u00fchrt zu Partieverlust und zum sofortigen Turnierausschluss.<\/li>\n<li>F\u00fcr Unf\u00e4lle sowie f\u00fcr verlorengegangene Gegenst\u00e4nde \u00fcbernimmt der Veranstalter keine Haftung.<\/li>\n<\/ol>\n<p>F\u00fcr g\u00fcnstige Speisen und Getr\u00e4nke ist gesorgt.<\/td>\n<\/tr>\n<tr>\n<td><strong>\u00a0Preisbestimmungen<\/strong><\/td>\n<td>\n<ol>\n<li>Mehrfachpreise sind ausgeschlossen au\u00dfer im in Punkt 2 genannten Fall. Im Zweifel erh\u00e4lt ein Spieler den am h\u00f6chsten dotierten Preis. Sind mehrere Preise gleich dotiert, erh\u00e4lt der Spieler den Preis in dieser Reihenfolge: Platzierung &gt; Rating &gt; Jugend\/Senior &gt; Damen<\/li>\n<li>Davon ausgenommen ist ein Fall, wenn ein Spieler einen Einzelpreis und gleichzeitig anteilig einen Mannschaftspreis gewinnt.<\/li>\n<li>Ein Spieler kann nicht gleichzeitig Bestandteil mehrerer Mannschaften sein. Im Zweifel ist er Bestandteil der h\u00f6heren Mannschaft.<\/li>\n<li>Auslosung und Preisvergabe erfolgt nach der DWZ-Datenbank von schachbund.de vom 12.02.2016, im Falle einer fehlenden DWZ nach der ELO-Datenbank von fide.com vom 01.02.2016.<\/li>\n<li>Spieler ohne Wertungszahl, die ihre Spielst\u00e4rke nicht nachweisen k\u00f6nnen (z.B. Bescheinigung des Verbands), sind von der Vergabe von DWZ-Preisen ausgeschlossen.<\/li>\n<\/ol>\n<\/td>\n<\/tr>\n<\/tbody>\n<\/table>\n<h1><a name=\"eng\"><\/a><img decoding=\"async\" src=\"http:\/\/icons.iconarchive.com\/icons\/custom-icon-design\/flag-3\/256\/United-Kingdom-flag-icon.png\" alt=\"\" width=\"12px\" \/>English Version<\/h1>\n<p><a href=\"http:\/\/www.ffbopen.de\/?attachment_id=1913\" target=\"_blank\">Download<\/a> tournament information as pdf<\/p>\n<table width=\"100%\">\n<tbody>\n<tr>\n<td><strong>Organizer<\/strong><\/td>\n<td><a href=\"http:\/\/schachffb.npage.de\/\" target=\"_blank\">TuS F\u00fcrstenfeldbruck SAbt<\/a><\/td>\n<\/tr>\n<tr>\n<td><strong>Sponsor<\/strong><\/td>\n<td><a href=\"http:\/\/www.immobilien-hirn.de\" target=\"_blank\">Immobilien Hirn<\/a><\/td>\n<\/tr>\n<tr>\n<td><strong>General information<\/strong><\/td>\n<td>Rapid Chess Tournament according to FIDE Rules of July 1st 2014<br \/>\nFIDE Rules Appendix A4 is applied, Appendix G is not applied.<strong> FIDE Rapid ELO calculation.<\/strong><br \/>\n9 Rounds Swiss \u2013 max. 180 participants!<br \/>\n15 minutes each player and game for all moves<\/td>\n<\/tr>\n<tr>\n<td><strong>Venue<\/strong><\/td>\n<td><b>Marthabr\u00e4uhalle (Brewery Hall), Augsburger Str. 41, 82256 F\u00fcrstenfeldbruck, Germany<br \/>\n<\/b>Parking allowed<br \/>\n<a title=\"Lageplan &amp; Anfahrt\" href=\"http:\/\/www.ffbopen.de\/?page_id=12\">See Google Maps<\/a><a title=\"Lageplan &amp; Anfahrt\" href=\"http:\/\/www.ffbopen.de\/?page_id=12\"><br \/>\n<\/a><\/td>\n<\/tr>\n<tr>\n<td><strong>Participants<\/strong><\/td>\n<td>All registered players regardless rating, age or club membership<\/td>\n<\/tr>\n<tr>\n<td><strong>Date<\/strong><\/td>\n<td>Sat, Feb 13th 2016<br \/>\nLast Call: 10:45 AM, Opening Ceremony: 11:00 AM<br \/>\n30 minutes lunch break after round 5<br \/>\nClosing ceremony: 6.30 PM<\/td>\n<\/tr>\n<tr>\n<td><strong>Participation Fee<\/strong><\/td>\n<td>Adults 12,-\u20ac<br \/>\nYouth players, (&lt; 01.01.1998), Seniors (&gt; 01.01.1956), TuS FFB members 10,-\u20ac<br \/>\nFM, WFM 10,-\u20ac &#8211; GM, IM, WGM, WIM free!<br \/>\nParticipation fee will be raised to 15,-\u20ac and resp. 12,-\u20ac in case of late entry (after Feb 1st)<\/td>\n<\/tr>\n<tr>\n<td><strong>Pre-Registration<\/strong><\/td>\n<td><a title=\"2016: Register!\" href=\"http:\/\/www.ffbopen.de\/?page_id=1864\">Online registration (available in English)<\/a><br \/>\nPlease transfer the starting fee until Feb 1st 2016:<br \/>\nHelmut Becker TuS FFB, IBAN DE43700530700009562299, BIC BYLADEM1FFB<br \/>\nPurpose of Usage: [Your name] [Your club]<\/td>\n<\/tr>\n<tr>\n<td><strong>Main Prizes<\/strong><\/td>\n<td>1st 600,-\u20ac<br \/>\n2nd 300,-\u20ac<br \/>\n3rd 200,-\u20ac<br \/>\n4th 150,-\u20ac<br \/>\n5th 100,-\u20ac<br \/>\n6th 50,-\u20acWinners\u2018 Cups for ranks 1-3Further ranking prizes possible<\/td>\n<\/tr>\n<tr>\n<td><strong>Team Prizes<\/strong><\/td>\n<td>If at least 5 teams in the group:Best team of 4 players (same club) <b>300,-\u20ac<br \/>\n<\/b><em id=\"__mceDel\" style=\"line-height: 19px;\">2<sup>nd<\/sup> Best team of 4 players <b>200,-\u20ac<br \/>\n<\/b><\/em><span style=\"line-height: 19px;\">Best &lt;1900 team of 4 players <\/span><b style=\"line-height: 19px;\">200,-\u20ac<\/b><\/td>\n<\/tr>\n<tr>\n<td><strong>Special Prizes<\/strong><\/td>\n<td>If least 5 participants in the group:<br \/>\nYouth U18 50,-\u20ac<br \/>\nFemale player 50,-\u20ac<br \/>\n1. Senior 100,-\u20ac<br \/>\n2. Senior 50,-\u20ac<br \/>\n3. Senior 50,-\u20acRating &lt;2200, &lt;2000, &lt;1800, &lt;1600 each<br \/>\n1st 100,-\u20ac, 2nd 50,-\u20ac<\/td>\n<\/tr>\n<tr>\n<td><strong>Arbitration<\/strong><\/td>\n<td>Mr Christoph Lipok, Regional Arbiter, Main Arbiter<br \/>\nMr Hans Brugger, International Arbiter, Main Arbiter<br \/>\nMr Stanley Yin, Regional Arbiter<\/td>\n<\/tr>\n<tr>\n<td><strong>Tournament Director<\/strong><\/td>\n<td>Mr Stanley Yin, braingames@gmx.de<\/td>\n<\/tr>\n<tr>\n<td><strong>Tournament conditions<\/strong><\/td>\n<td>\n<ol>\n<li>By registering fort he tournament, the participant declares his\/her consent to the usage of the tournament data for FIDE ELO calculation by relevant authorities. The participant also grants permission fort he publication of his\/her games, photos, tournament data, game reports etc.<\/li>\n<li>In case of game or result manipulation using forbidden means, the participant declares his\/her consent to be subjected to the legislation of the German Chess Federation (Deutscher Schachbund, DSB) according to the DSB statutes.<\/li>\n<li>The participant acknowledges that the DSB statutes can be requested from the Tournament Director.<\/li>\n<li>The participant ensures that he\/she stays at a German residence for least 180 days yearly. If this is not the case, please report to the Tournament Director.<\/li>\n<li>Smoking is strictly forbidden inside the tournament hall. There is a smokers\u2019 area outside the building.<\/li>\n<li>Mobile phones and other electronic devices have to be switched off inside the tournament hall. Please inform the Tournament Director about exceptions. Sounds and noises coming from an electronic device during the game leads to the loss of the game. Also, the usage of electronic devices during the game without granted permission leads to the loss of the game and an instant expulsion of the participant.<\/li>\n<li>The organizer\u2019s liability is excluded in case of accidents or lost objects.<\/li>\n<\/ol>\n<p>Food and drinks are provided in the tournament hall for reasonable prices<b>.\u00a0<\/b><\/td>\n<\/tr>\n<tr>\n<td><strong>Prize conditions<\/strong><\/td>\n<td>\n<ol>\n<li>Multiple prizes for one player are excluded except the case in no. 2. In case a player is qualified for multiple prizes, he\/she receives the prize with the highest value. In case there are multiple prizes with the same value, following \u00a0scale is applied:<br \/>\nRank &gt; Rating &gt; Youth \/ Senior &gt; Female<\/li>\n<li>A player can win multiple prizes only if winning one individual prize and partly one team prize simultaneously.<\/li>\n<li>A player can not be part of multiple teams. In case of ambiguity, the player is assigned to the highest ranked team.<\/li>\n<li>Pairings and prizes are based on German DWZ Ratings as of Feb 12<sup>th<\/sup> 2016 and, in case of missing DWZ ratings, on FIDE ELO ratings as of Feb 1<sup>st<\/sup> 2016.<\/li>\n<li>Player with neither a rating nor an official (e.g. federation-signed) document which testifies their strength of play are excluded from any rating prizes, but still can run for ranking, age or gender prizes.<\/li>\n<\/ol>\n<\/td>\n<\/tr>\n<\/tbody>\n<\/table>\n<p>&nbsp;<\/p>\n","protected":false},"excerpt":{"rendered":"<p>For English version see below! Ausschreibung als\u00a0pdf herunterladen Veranstalter TuS F\u00fcrstenfeldbruck SAbt Sponsor Immobilien Hirn Turnierinfo Offenes Schnellschachturnier nach FIDE-Schnellschachregeln (Irregul\u00e4rer Zug verliert!) 9 Runden Schweizer System, Buchholz als Zweitwertung 15 Minuten Bedenkzeit pro Spieler und Partie Auslosung mit DWZ vom 12.02.2016 als Erstkriterium FIDE-Schnellschach-ELO Auswertung! Spielort Marthabr\u00e4uhalle, Augsburger Str. 41, 82256 F\u00fcrstenfeldbruck Parkm\u00f6glichkeiten vorhanden [&hellip;]<\/p>\n","protected":false},"author":1,"featured_media":0,"parent":0,"menu_order":0,"comment_status":"closed","ping_status":"closed","template":"full-width-page.php","meta":{"footnotes":""},"class_list":["post-1837","page","type-page","status-publish","hentry"],"_links":{"self":[{"href":"https:\/\/www.ffbopen.de\/index.php?rest_route=\/wp\/v2\/pages\/1837","targetHints":{"allow":["GET"]}}],"collection":[{"href":"https:\/\/www.ffbopen.de\/index.php?rest_route=\/wp\/v2\/pages"}],"about":[{"href":"https:\/\/www.ffbopen.de\/index.php?rest_route=\/wp\/v2\/types\/page"}],"author":[{"embeddable":true,"href":"https:\/\/www.ffbopen.de\/index.php?rest_route=\/wp\/v2\/users\/1"}],"replies":[{"embeddable":true,"href":"https:\/\/www.ffbopen.de\/index.php?rest_route=%2Fwp%2Fv2%2Fcomments&post=1837"}],"version-history":[{"count":20,"href":"https:\/\/www.ffbopen.de\/index.php?rest_route=\/wp\/v2\/pages\/1837\/revisions"}],"predecessor-version":[{"id":1963,"href":"https:\/\/www.ffbopen.de\/index.php?rest_route=\/wp\/v2\/pages\/1837\/revisions\/1963"}],"wp:attachment":[{"href":"https:\/\/www.ffbopen.de\/index.php?rest_route=%2Fwp%2Fv2%2Fmedia&parent=1837"}],"curies":[{"name":"wp","href":"https:\/\/api.w.org\/{rel}","templated":true}]}}